{"id":100,"date":"2018-02-06T10:46:57","date_gmt":"2018-02-06T10:46:57","guid":{"rendered":"http:\/\/bridge154.qodeinteractive.com\/?page_id=100"},"modified":"2018-10-18T10:49:40","modified_gmt":"2018-10-18T10:49:40","slug":"construccion","status":"publish","type":"page","link":"https:\/\/www.conscosio.com\/?page_id=100","title":{"rendered":"Construcci\u00f3n"},"content":{"rendered":"<p>[vc_row css_animation=\u00bb\u00bb row_type=\u00bbrow\u00bb use_row_as_full_screen_section=\u00bbno\u00bb type=\u00bbfull_width\u00bb angled_section=\u00bbno\u00bb text_align=\u00bbleft\u00bb background_image_as_pattern=\u00bbwithout_pattern\u00bb][vc_column][vc_raw_html]JTNDYSUyMG5hbWUlM0QlMjJ0cmFkaWNpb25hbCUyMiUzRSUzQyUyRmElM0UlMjA=[\/vc_raw_html][\/vc_column][\/vc_row][vc_row css_animation=\u00bb\u00bb row_type=\u00bbrow\u00bb use_row_as_full_screen_section=\u00bbno\u00bb type=\u00bbgrid\u00bb angled_section=\u00bbno\u00bb text_align=\u00bbleft\u00bb background_image_as_pattern=\u00bbwithout_pattern\u00bb css=\u00bb.vc_custom_1517917187124{padding-top: 55px !important;padding-bottom: 55px !important;background-image: url(https:\/\/www.conscosio.com\/wp-content\/uploads\/2018\/02\/home-background-img-1.jpg?id=119) !important;background-position: center !important;background-repeat: no-repeat !important;background-size: cover !important;}\u00bb z_index=\u00bb\u00bb][vc_column offset=\u00bbvc_col-md-8&#8243;][qode_elements_holder number_of_columns=\u00bbone_column\u00bb][qode_elements_holder_item item_padding=\u00bb0px 0px 60px\u00bb advanced_animations=\u00bbno\u00bb item_padding_600_768=\u00bb0px\u00bb][vc_gallery interval=\u00bb3&#8243; images=\u00bb525,606,519,523,526,527,524,522,520,521&#8243; img_size=\u00bbfull\u00bb][vc_empty_space height=\u00bb22px\u00bb][vc_column_text css=\u00bb.vc_custom_1534756134462{padding-left: 30px !important;}\u00bb]Actualmente este sistema de construcci\u00f3n, es el m\u00e1s utilizado y el m\u00e1s cl\u00e1sico en nuestro pa\u00eds.<\/p>\n<p>Son un claro ejemplo de solidez y durabilidad.[\/vc_column_text][\/qode_elements_holder_item][\/qode_elements_holder][\/vc_column][vc_column offset=\u00bbvc_col-md-4&#8243;][qode_elements_holder number_of_columns=\u00bbone_column\u00bb][qode_elements_holder_item item_padding=\u00bb83px 24% 60px 0px\u00bb advanced_animations=\u00bbno\u00bb item_padding_768_1024=\u00bb83px 0% 60px 0px\u00bb item_padding_600_768=\u00bb40px 25% 90px 0px\u00bb item_padding_480_600=\u00bb0px 0% 60px 0%\u00bb item_padding_480=\u00bb0px 0% 60px 0%\u00bb][vc_column_text]<\/p>\n<h3>Construcci\u00f3n<\/h3>\n<p>[\/vc_column_text][vc_column_text]<\/p>\n<h1>Tradicional<\/h1>\n<p>[\/vc_column_text][vc_empty_space height=\u00bb42px\u00bb][vc_column_text]Se constituye de estructuras de hormig\u00f3n y\/o paredes de ladrillo, etc.. Empleando en sus revestimientos materiales como la piedra , madera etc&#8230;. , y el empleo en sus instalaciones del cobre, acero , etc. , las convierte en construciones muy duraderas en el tiempo[\/vc_column_text][vc_empty_space height=\u00bb31px\u00bb][\/qode_elements_holder_item][\/qode_elements_holder][\/vc_column][\/vc_row][vc_row css_animation=\u00bb\u00bb row_type=\u00bbrow\u00bb use_row_as_full_screen_section=\u00bbno\u00bb type=\u00bbfull_width\u00bb angled_section=\u00bbno\u00bb text_align=\u00bbleft\u00bb background_image_as_pattern=\u00bbwithout_pattern\u00bb][vc_column][vc_raw_html]JTNDYSUyMG5hbWUlM0QlMjJlbnRyYW1hZG8lMjIlM0UlM0MlMkZhJTNFJTIw[\/vc_raw_html][\/vc_column][\/vc_row][vc_row css_animation=\u00bb\u00bb row_type=\u00bbrow\u00bb use_row_as_full_screen_section=\u00bbno\u00bb type=\u00bbgrid\u00bb angled_section=\u00bbno\u00bb text_align=\u00bbleft\u00bb background_image_as_pattern=\u00bbwithout_pattern\u00bb css=\u00bb.vc_custom_1517917193963{padding-top: 55px !important;padding-bottom: 55px !important;background-image: url(https:\/\/www.conscosio.com\/wp-content\/uploads\/2018\/02\/home-background-img-2.jpg?id=117) !important;background-position: center !important;background-repeat: no-repeat !important;background-size: cover !important;}\u00bb z_index=\u00bb\u00bb][vc_column offset=\u00bbvc_col-md-4&#8243;][qode_elements_holder number_of_columns=\u00bbone_column\u00bb][qode_elements_holder_item item_padding=\u00bb83px 24% 60px 0px\u00bb advanced_animations=\u00bbno\u00bb item_padding_768_1024=\u00bb83px 0% 60px 0px\u00bb item_padding_600_768=\u00bb140px 25% 60px 0px\u00bb item_padding_480_600=\u00bb0px 0% 60px 0%\u00bb item_padding_480=\u00bb90px 0% 60px 0%\u00bb][vc_column_text]<\/p>\n<h3>Construcci\u00f3n<\/h3>\n<p>[\/vc_column_text][vc_column_text]<\/p>\n<h1>Entramado de Madera<\/h1>\n<p>[\/vc_column_text][vc_empty_space height=\u00bb42px\u00bb][vc_column_text]Utilizando un entramado de madera como estructura principal, proporciona altos niveles de aislamiento y da libertad al cliente de poder elegir el revestimiento exterior e interior como mas le guste, ya que las posibilidades son infinitas.<\/p>\n<p>Es uno de los sistemas constructivo m\u00e1s demandado hoy dia.[\/vc_column_text][vc_empty_space height=\u00bb31px\u00bb][\/qode_elements_holder_item][\/qode_elements_holder][\/vc_column][vc_column offset=\u00bbvc_col-md-8&#8243;][qode_elements_holder number_of_columns=\u00bbone_column\u00bb][qode_elements_holder_item item_padding=\u00bb0px 0px 60px\u00bb advanced_animations=\u00bbno\u00bb item_padding_600_768=\u00bb0px 0px 90px\u00bb][vc_gallery interval=\u00bb3&#8243; images=\u00bb497,494,495,496&#8243; img_size=\u00bbfull\u00bb][vc_empty_space height=\u00bb22px\u00bb][vc_column_text css=\u00bb.vc_custom_1534757033516{padding-left: 30px !important;}\u00bb]El entramado es un sistema moderno de construcci\u00f3n de casas de madera.<br \/>\nT\u00edpico de la zona de EE.UU y Canad\u00e1.[\/vc_column_text][\/qode_elements_holder_item][\/qode_elements_holder][\/vc_column][\/vc_row][vc_row css_animation=\u00bb\u00bb row_type=\u00bbrow\u00bb use_row_as_full_screen_section=\u00bbno\u00bb type=\u00bbfull_width\u00bb angled_section=\u00bbno\u00bb text_align=\u00bbleft\u00bb background_image_as_pattern=\u00bbwithout_pattern\u00bb][vc_column][vc_raw_html]JTNDYSUyMG5hbWUlM0QlMjJwYXNpdmFzJTIyJTNFJTNDJTJGYSUzRSUyMA==[\/vc_raw_html][\/vc_column][\/vc_row][vc_row css_animation=\u00bb\u00bb row_type=\u00bbrow\u00bb use_row_as_full_screen_section=\u00bbno\u00bb type=\u00bbgrid\u00bb angled_section=\u00bbno\u00bb text_align=\u00bbleft\u00bb background_image_as_pattern=\u00bbwithout_pattern\u00bb css=\u00bb.vc_custom_1517917187124{padding-top: 55px !important;padding-bottom: 55px !important;background-image: url(https:\/\/www.conscosio.com\/wp-content\/uploads\/2018\/02\/home-background-img-1.jpg?id=119) !important;background-position: center !important;background-repeat: no-repeat !important;background-size: cover !important;}\u00bb z_index=\u00bb\u00bb][vc_column offset=\u00bbvc_col-md-8&#8243;][qode_elements_holder number_of_columns=\u00bbone_column\u00bb][qode_elements_holder_item item_padding=\u00bb0px 0px 60px\u00bb advanced_animations=\u00bbno\u00bb item_padding_600_768=\u00bb0px\u00bb][vc_gallery interval=\u00bb3&#8243; images=\u00bb507,506,505,502,503,501,500,504,508,623,624,625,626,627&#8243; img_size=\u00bbfull\u00bb][vc_empty_space height=\u00bb22px\u00bb][vc_column_text css=\u00bb.vc_custom_1534757450573{padding-left: 30px !important;}\u00bb]\u00bfQu\u00e9 es una <strong>casa pasiva<\/strong>? son construcciones que tienen como objetivo <strong>reducir las necesidades energ\u00e9ticas de calefacci\u00f3n y refrigeraci\u00f3n de los edificios<\/strong> hasta en un 75% respecto a la forma convencional de construcci\u00f3n.[\/vc_column_text][\/qode_elements_holder_item][\/qode_elements_holder][\/vc_column][vc_column offset=\u00bbvc_col-md-4&#8243;][qode_elements_holder number_of_columns=\u00bbone_column\u00bb][qode_elements_holder_item item_padding=\u00bb83px 24% 60px 0px\u00bb advanced_animations=\u00bbno\u00bb item_padding_768_1024=\u00bb83px 0% 60px 0px\u00bb item_padding_600_768=\u00bb40px 25% 90px 0px\u00bb item_padding_480_600=\u00bb0px 0% 60px 0%\u00bb item_padding_480=\u00bb0px 0% 60px 0%\u00bb][vc_column_text]<\/p>\n<h3>Construcci\u00f3n<\/h3>\n<p>[\/vc_column_text][vc_column_text]<\/p>\n<h1>Casas pasivas<\/h1>\n<p>[\/vc_column_text][vc_empty_space height=\u00bb42px\u00bb][vc_column_text]Como explica la <a href=\"http:\/\/www.plataforma-pep.org\/\"><strong>Plataforma de Edificaci\u00f3n Passivhaus (PEP)<\/strong><\/a>, que promociona este est\u00e1ndar en Espa\u00f1a,\u00a0no se trata de una nueva arquitectura, sino de encontrar la mejor manera de aislar el inmueble.[\/vc_column_text][vc_empty_space height=\u00bb31px\u00bb][\/qode_elements_holder_item][\/qode_elements_holder][\/vc_column][\/vc_row][vc_row css_animation=\u00bb\u00bb row_type=\u00bbrow\u00bb use_row_as_full_screen_section=\u00bbno\u00bb type=\u00bbgrid\u00bb angled_section=\u00bbno\u00bb text_align=\u00bbleft\u00bb background_image_as_pattern=\u00bbwithout_pattern\u00bb css=\u00bb.vc_custom_1518098248171{padding-top: 55px !important;padding-bottom: 55px !important;background-image: url(https:\/\/www.conscosio.com\/wp-content\/uploads\/2018\/02\/home-background-img-2.jpg?id=117) !important;background-position: center !important;background-repeat: no-repeat !important;background-size: cover !important;}\u00bb z_index=\u00bb\u00bb][vc_column offset=\u00bbvc_col-md-4&#8243;][qode_elements_holder number_of_columns=\u00bbone_column\u00bb][qode_elements_holder_item item_padding=\u00bb83px 24% 60px 0px\u00bb advanced_animations=\u00bbno\u00bb item_padding_768_1024=\u00bb83px 0% 60px 0px\u00bb item_padding_600_768=\u00bb140px 25% 60px 0px\u00bb item_padding_480_600=\u00bb0px 0% 60px 0%\u00bb item_padding_480=\u00bb90px 0% 60px 0%\u00bb][vc_column_text]<\/p>\n<h3>Construcci\u00f3n y<\/h3>\n<h3>Rehabilitaci\u00f3n<\/h3>\n<p>[\/vc_column_text][vc_column_text]<\/p>\n<h1>Eficiente<\/h1>\n<p>[\/vc_column_text][vc_empty_space height=\u00bb42px\u00bb][vc_column_text]La eficiencia energ\u00e9tica en una vivienda se basa primeramente en aplicar los conocimientos constructivos que aprovechen los sistemas pasivos de aprovechamiento de energ\u00edas naturales y completar la energ\u00eda restante con sistemas de energ\u00edas renovables.<\/p>\n<p>Papel importante lo ejerce sin duda la incorporaci\u00f3n del aislamiento con espesor y caracter\u00edsticas adecuadas a cada situaci\u00f3n.<\/p>\n<p>Cuidado especial requiere el tratamiento de los denominados \u00abpuentes t\u00e9rmicos\u00bb que son puntos de la vivienda donde se producen perdidas de calor y que adem\u00e1s pueden provocar condensaciones.[\/vc_column_text][vc_empty_space height=\u00bb31px\u00bb][\/qode_elements_holder_item][\/qode_elements_holder][\/vc_column][vc_column offset=\u00bbvc_col-md-8&#8243;][qode_elements_holder number_of_columns=\u00bbone_column\u00bb][qode_elements_holder_item item_padding=\u00bb0px 0px 60px\u00bb advanced_animations=\u00bbno\u00bb item_padding_600_768=\u00bb0px 0px 90px\u00bb][vc_gallery interval=\u00bb3&#8243; images=\u00bb415,487,488,489,490&#8243; img_size=\u00bbfull\u00bb][vc_empty_space height=\u00bb22px\u00bb][vc_column_text css=\u00bb.vc_custom_1539859392175{padding-left: 30px !important;}\u00bb]Recuperar el conocimiento tradicional y aplicar sobre este los avances tecnol\u00f3gicos en materia de <strong>aislamientos<\/strong> y <strong>energ\u00edas renovables<\/strong> es lo que se conoce como <strong>eficiencia energ\u00e9tica.<\/strong>[\/vc_column_text][\/qode_elements_holder_item][\/qode_elements_holder][\/vc_column][\/vc_row][vc_row css_animation=\u00bb\u00bb row_type=\u00bbrow\u00bb use_row_as_full_screen_section=\u00bbno\u00bb type=\u00bbfull_width\u00bb angled_section=\u00bbno\u00bb text_align=\u00bbleft\u00bb background_image_as_pattern=\u00bbwithout_pattern\u00bb][vc_column][vc_raw_html]JTNDYSUyMG5hbWUlM0QlMjJyZWhhYmlsaXRhY2lvbiUyMiUzRSUzQyUyRmElM0UlMjA=[\/vc_raw_html][\/vc_column][\/vc_row][vc_row css_animation=\u00bb\u00bb row_type=\u00bbrow\u00bb use_row_as_full_screen_section=\u00bbno\u00bb type=\u00bbgrid\u00bb angled_section=\u00bbno\u00bb text_align=\u00bbleft\u00bb background_image_as_pattern=\u00bbwithout_pattern\u00bb css=\u00bb.vc_custom_1517917187124{padding-top: 55px !important;padding-bottom: 55px !important;background-image: url(https:\/\/www.conscosio.com\/wp-content\/uploads\/2018\/02\/home-background-img-1.jpg?id=119) !important;background-position: center !important;background-repeat: no-repeat !important;background-size: cover !important;}\u00bb z_index=\u00bb\u00bb][vc_column offset=\u00bbvc_col-md-8&#8243;][qode_elements_holder number_of_columns=\u00bbone_column\u00bb][qode_elements_holder_item item_padding=\u00bb0px 0px 60px\u00bb advanced_animations=\u00bbno\u00bb item_padding_600_768=\u00bb0px\u00bb][vc_gallery interval=\u00bb3&#8243; images=\u00bb515,512,511,513,514&#8243; img_size=\u00bbfull\u00bb][vc_empty_space height=\u00bb22px\u00bb][vc_column_text css=\u00bb.vc_custom_1539859759904{padding-left: 30px !important;}\u00bb]Realizamos todo tipo de trabajos de reformas y rehabilitaci\u00f3n de viviendas y edificios.<\/p>\n<p>Disponemos de varios certificados y homolgaciones para el uso y la aplicaci\u00f3n de diferentes sistemas para fachadas.[\/vc_column_text][\/qode_elements_holder_item][\/qode_elements_holder][\/vc_column][vc_column offset=\u00bbvc_col-md-4&#8243;][qode_elements_holder number_of_columns=\u00bbone_column\u00bb][qode_elements_holder_item item_padding=\u00bb83px 24% 60px 0px\u00bb advanced_animations=\u00bbno\u00bb item_padding_768_1024=\u00bb83px 0% 60px 0px\u00bb item_padding_600_768=\u00bb40px 25% 90px 0px\u00bb item_padding_480_600=\u00bb0px 0% 60px 0%\u00bb item_padding_480=\u00bb0px 0% 60px 0%\u00bb][vc_column_text]<\/p>\n<h3>Rehabilitaci\u00f3n<\/h3>\n<p>[\/vc_column_text][vc_column_text]<\/p>\n<h1>Edificios y Viviendas<\/h1>\n<p>[\/vc_column_text][vc_empty_space height=\u00bb42px\u00bb][vc_column_text]SATE es un sistema de aislamiento por exterior de la fachada y se utiliza para el aislamiento t\u00e9rmico de edificios, tanto de obra nueva como en <strong>rehabilitaciones de edificios<\/strong>.<\/p>\n<p>[\/vc_column_text][vc_empty_space height=\u00bb31px\u00bb][\/qode_elements_holder_item][\/qode_elements_holder][\/vc_column][\/vc_row]<\/p>\n","protected":false},"excerpt":{"rendered":"<p>[vc_row css_animation=\u00bb\u00bb row_type=\u00bbrow\u00bb use_row_as_full_screen_section=\u00bbno\u00bb type=\u00bbfull_width\u00bb angled_section=\u00bbno\u00bb text_align=\u00bbleft\u00bb background_image_as_pattern=\u00bbwithout_pattern\u00bb][vc_column][vc_raw_html]JTNDYSUyMG5hbWUlM0QlMjJ0cmFkaWNpb25hbCUyMiUzRSUzQyUyRmElM0UlMjA=[\/vc_raw_html][\/vc_column][\/vc_row][vc_row css_animation=\u00bb\u00bb row_type=\u00bbrow\u00bb use_row_as_full_screen_section=\u00bbno\u00bb type=\u00bbgrid\u00bb angled_section=\u00bbno\u00bb text_align=\u00bbleft\u00bb background_image_as_pattern=\u00bbwithout_pattern\u00bb css=\u00bb.vc_custom_1517917187124{padding-top: 55px !important;padding-bottom: 55px !important;background-image: url(https:\/\/www.conscosio.com\/wp-content\/uploads\/2018\/02\/home-background-img-1.jpg?id=119) !important;background-position: center !important;background-repeat: no-repeat !important;background-size: cover !important;}\u00bb z_index=\u00bb\u00bb][vc_column offset=\u00bbvc_col-md-8&#8243;][qode_elements_holder number_of_columns=\u00bbone_column\u00bb][qode_elements_holder_item item_padding=\u00bb0px 0px 60px\u00bb advanced_animations=\u00bbno\u00bb item_padding_600_768=\u00bb0px\u00bb][vc_gallery interval=\u00bb3&#8243; images=\u00bb525,606,519,523,526,527,524,522,520,521&#8243; img_size=\u00bbfull\u00bb][vc_empty_space height=\u00bb22px\u00bb][vc_column_text css=\u00bb.vc_custom_1534756134462{padding-left: 30px !important;}\u00bb]Actualmente este sistema&#8230;<\/p>\n","protected":false},"author":1,"featured_media":0,"parent":0,"menu_order":0,"comment_status":"closed","ping_status":"open","template":"full_width.php","meta":{"footnotes":""},"_links":{"self":[{"href":"https:\/\/www.conscosio.com\/index.php?rest_route=\/wp\/v2\/pages\/100"}],"collection":[{"href":"https:\/\/www.conscosio.com\/index.php?rest_route=\/wp\/v2\/pages"}],"about":[{"href":"https:\/\/www.conscosio.com\/index.php?rest_route=\/wp\/v2\/types\/page"}],"author":[{"embeddable":true,"href":"https:\/\/www.conscosio.com\/index.php?rest_route=\/wp\/v2\/users\/1"}],"replies":[{"embeddable":true,"href":"https:\/\/www.conscosio.com\/index.php?rest_route=%2Fwp%2Fv2%2Fcomments&post=100"}],"version-history":[{"count":29,"href":"https:\/\/www.conscosio.com\/index.php?rest_route=\/wp\/v2\/pages\/100\/revisions"}],"predecessor-version":[{"id":630,"href":"https:\/\/www.conscosio.com\/index.php?rest_route=\/wp\/v2\/pages\/100\/revisions\/630"}],"wp:attachment":[{"href":"https:\/\/www.conscosio.com\/index.php?rest_route=%2Fwp%2Fv2%2Fmedia&parent=100"}],"curies":[{"name":"wp","href":"https:\/\/api.w.org\/{rel}","templated":true}]}}