{"id":141,"date":"2018-02-06T12:49:22","date_gmt":"2018-02-06T12:49:22","guid":{"rendered":"http:\/\/bridge154.qodeinteractive.com\/?page_id=141"},"modified":"2018-10-18T11:04:36","modified_gmt":"2018-10-18T11:04:36","slug":"proyectos","status":"publish","type":"page","link":"https:\/\/www.conscosio.com\/?page_id=141","title":{"rendered":"Proyectos"},"content":{"rendered":"<p>[vc_row css_animation=\u00bb\u00bb row_type=\u00bbrow\u00bb use_row_as_full_screen_section=\u00bbno\u00bb type=\u00bbgrid\u00bb angled_section=\u00bbno\u00bb text_align=\u00bbleft\u00bb background_image_as_pattern=\u00bbwithout_pattern\u00bb z_index=\u00bb\u00bb css=\u00bb.vc_custom_1517927549027{padding-top: 54px !important;padding-bottom: 16px !important;}\u00bb][vc_column][qode_elements_holder number_of_columns=\u00bbfour_columns\u00bb][qode_elements_holder_item item_padding=\u00bb0px 5%\u00bb advanced_animations=\u00bbno\u00bb item_padding_600_768=\u00bb0px 12%\u00bb item_padding_480=\u00bb0px\u00bb]<div class='image_hover ' style='' data-transition-delay=''><div class='images_holder'><img itemprop='image' class='active_image ' src='https:\/\/www.conscosio.com\/wp-content\/uploads\/2018\/02\/home-icon-4.jpg' alt='' style='' \/><img itemprop='image' class='hover_image' src='https:\/\/www.conscosio.com\/wp-content\/uploads\/2018\/08\/locales-comerciales-cosio.jpg' alt='' style='' \/><\/div><\/div>[vc_empty_space height=\u00bb33px\u00bb][vc_column_text]<\/p>\n<h3>Locales Comerciales<\/h3>\n<p>[\/vc_column_text][vc_empty_space height=\u00bb7px\u00bb][vc_column_text]Proyectos\u00a0 y ejecuci\u00f3n de obras\u00a0 de <strong>locales comerciales<\/strong> y <strong>oficinas<\/strong> en Asturias, adapt\u00e1ndolos a las necesidades individuales y d\u00e1ndoles un toque \u00fanico.[\/vc_column_text][vc_gallery type=\u00bbnivo\u00bb interval=\u00bb3&#8243; images=\u00bb457,454,453,452,456,455,451&#8243; img_size=\u00bbfull\u00bb][vc_empty_space height=\u00bb40px\u00bb][\/qode_elements_holder_item][qode_elements_holder_item item_padding=\u00bb0px 5%\u00bb advanced_animations=\u00bbno\u00bb item_padding_600_768=\u00bb0px 12%\u00bb item_padding_480=\u00bb0px\u00bb]<div class='image_hover ' style='' data-transition-delay=''><div class='images_holder'><img itemprop='image' class='active_image ' src='https:\/\/www.conscosio.com\/wp-content\/uploads\/2018\/02\/home-icon-6.jpg' alt='' style='' \/><img itemprop='image' class='hover_image' src='https:\/\/www.conscosio.com\/wp-content\/uploads\/2018\/08\/interiorismo-cosio.jpg' alt='' style='' \/><\/div><\/div>[vc_empty_space height=\u00bb33px\u00bb][vc_column_text]<\/p>\n<h3>Interiorismo<\/h3>\n<p>[\/vc_column_text][vc_empty_space height=\u00bb7px\u00bb][vc_column_text]Proyectamos el <strong>dise\u00f1o<\/strong> y la <strong>decoraci\u00f3n de interiores<\/strong> para viviendas, con ideas y soluciones personalizadas&#8230;siempre para lograr el mejor resultado.[\/vc_column_text][vc_gallery type=\u00bbnivo\u00bb interval=\u00bb5&#8243; images=\u00bb467,463,468,465,464&#8243; img_size=\u00bbfull\u00bb][vc_empty_space height=\u00bb40px\u00bb][\/qode_elements_holder_item][\/qode_elements_holder][vc_empty_space height=\u00bb13px\u00bb][\/vc_column][\/vc_row][vc_row css_animation=\u00bb\u00bb row_type=\u00bbrow\u00bb use_row_as_full_screen_section=\u00bbno\u00bb type=\u00bbgrid\u00bb angled_section=\u00bbno\u00bb text_align=\u00bbleft\u00bb background_image_as_pattern=\u00bbwithout_pattern\u00bb z_index=\u00bb\u00bb css=\u00bb.vc_custom_1517927549027{padding-top: 54px !important;padding-bottom: 16px !important;}\u00bb][vc_column][qode_elements_holder number_of_columns=\u00bbfour_columns\u00bb][qode_elements_holder_item item_padding=\u00bb0px 5%\u00bb advanced_animations=\u00bbno\u00bb item_padding_600_768=\u00bb0px 12%\u00bb item_padding_480=\u00bb0px\u00bb]<div class='image_hover ' style='' data-transition-delay=''><div class='images_holder'><img itemprop='image' class='active_image ' src='https:\/\/www.conscosio.com\/wp-content\/uploads\/2018\/02\/home-icon-3.jpg' alt='' style='' \/><img itemprop='image' class='hover_image' src='https:\/\/www.conscosio.com\/wp-content\/uploads\/2018\/08\/rehabilitaciones-cosio.jpg' alt='' style='' \/><\/div><\/div>[vc_empty_space height=\u00bb33px\u00bb][vc_column_text]<\/p>\n<h3>Reformas<\/h3>\n<p>[\/vc_column_text][vc_empty_space height=\u00bb7px\u00bb][vc_column_text]Proyecto de reforma: <strong>rehabilitaciones integrales<\/strong> de edificios, <strong>reforma de cocinas<\/strong> y <strong>ba\u00f1os<\/strong>, <strong>instalaci\u00f3n el\u00e9ctrica<\/strong>, <strong>insonorizaciones<\/strong>, &#8230;[\/vc_column_text][vc_gallery type=\u00bbnivo\u00bb interval=\u00bb5&#8243; images=\u00bb471,473,475,470,474,472&#8243; img_size=\u00bbfull\u00bb][vc_empty_space height=\u00bb40px\u00bb][\/qode_elements_holder_item][qode_elements_holder_item item_padding=\u00bb0px 5%\u00bb advanced_animations=\u00bbno\u00bb item_padding_600_768=\u00bb0px 12%\u00bb item_padding_480=\u00bb0px\u00bb]<div class='image_hover ' style='' data-transition-delay=''><div class='images_holder'><img itemprop='image' class='active_image ' src='https:\/\/www.conscosio.com\/wp-content\/uploads\/2018\/02\/home-icon-9.jpg' alt='' style='' \/><img itemprop='image' class='hover_image' src='https:\/\/www.conscosio.com\/wp-content\/uploads\/2018\/08\/scania-cosio.jpg' alt='' style='' \/><\/div><\/div>[vc_empty_space height=\u00bb33px\u00bb][vc_column_text]<\/p>\n<h3>Naves Industriales<\/h3>\n<p>[\/vc_column_text][vc_empty_space height=\u00bb7px\u00bb][vc_column_text]Proyectos y ejecuci\u00f3n de obras industriales; ofrecemos a nuestros clientes conocimientos en materia de\u00a0<strong>construcci\u00f3n y reforma de naves industriales.<\/strong>[\/vc_column_text][vc_gallery type=\u00bbnivo\u00bb interval=\u00bb3&#8243; images=\u00bb608,594,595,596,597,480,482&#8243; img_size=\u00bbfull\u00bb][vc_empty_space height=\u00bb40px\u00bb][\/qode_elements_holder_item][\/qode_elements_holder][vc_empty_space height=\u00bb13px\u00bb][\/vc_column][\/vc_row][vc_row css_animation=\u00bb\u00bb row_type=\u00bbrow\u00bb use_row_as_full_screen_section=\u00bbno\u00bb type=\u00bbfull_width\u00bb angled_section=\u00bbno\u00bb text_align=\u00bbleft\u00bb background_image_as_pattern=\u00bbwithout_pattern\u00bb][vc_column][\/vc_column][\/vc_row]<\/p>\n","protected":false},"excerpt":{"rendered":"<p>[vc_row css_animation=\u00bb\u00bb row_type=\u00bbrow\u00bb use_row_as_full_screen_section=\u00bbno\u00bb type=\u00bbgrid\u00bb angled_section=\u00bbno\u00bb text_align=\u00bbleft\u00bb background_image_as_pattern=\u00bbwithout_pattern\u00bb z_index=\u00bb\u00bb css=\u00bb.vc_custom_1517927549027{padding-top: 54px !important;padding-bottom: 16px !important;}\u00bb][vc_column][qode_elements_holder number_of_columns=\u00bbfour_columns\u00bb][qode_elements_holder_item item_padding=\u00bb0px 5%\u00bb advanced_animations=\u00bbno\u00bb item_padding_600_768=\u00bb0px 12%\u00bb item_padding_480=\u00bb0px\u00bb][vc_empty_space height=\u00bb33px\u00bb][vc_column_text] Locales Comerciales [\/vc_column_text][vc_empty_space height=\u00bb7px\u00bb][vc_column_text]Proyectos\u00a0 y ejecuci\u00f3n de obras\u00a0 de locales comerciales y oficinas en Asturias, adapt\u00e1ndolos a las necesidades individuales y d\u00e1ndoles un&#8230;<\/p>\n","protected":false},"author":1,"featured_media":0,"parent":0,"menu_order":0,"comment_status":"closed","ping_status":"open","template":"full_width.php","meta":{"footnotes":""},"_links":{"self":[{"href":"https:\/\/www.conscosio.com\/index.php?rest_route=\/wp\/v2\/pages\/141"}],"collection":[{"href":"https:\/\/www.conscosio.com\/index.php?rest_route=\/wp\/v2\/pages"}],"about":[{"href":"https:\/\/www.conscosio.com\/index.php?rest_route=\/wp\/v2\/types\/page"}],"author":[{"embeddable":true,"href":"https:\/\/www.conscosio.com\/index.php?rest_route=\/wp\/v2\/users\/1"}],"replies":[{"embeddable":true,"href":"https:\/\/www.conscosio.com\/index.php?rest_route=%2Fwp%2Fv2%2Fcomments&post=141"}],"version-history":[{"count":45,"href":"https:\/\/www.conscosio.com\/index.php?rest_route=\/wp\/v2\/pages\/141\/revisions"}],"predecessor-version":[{"id":421,"href":"https:\/\/www.conscosio.com\/index.php?rest_route=\/wp\/v2\/pages\/141\/revisions\/421"}],"wp:attachment":[{"href":"https:\/\/www.conscosio.com\/index.php?rest_route=%2Fwp%2Fv2%2Fmedia&parent=141"}],"curies":[{"name":"wp","href":"https:\/\/api.w.org\/{rel}","templated":true}]}}