{"id":180,"date":"2018-02-06T14:57:36","date_gmt":"2018-02-06T14:57:36","guid":{"rendered":"http:\/\/bridge154.qodeinteractive.com\/?page_id=180"},"modified":"2018-08-22T15:07:38","modified_gmt":"2018-08-22T15:07:38","slug":"contacto","status":"publish","type":"page","link":"https:\/\/www.conscosio.com\/?page_id=180","title":{"rendered":"Contacto"},"content":{"rendered":"<p>[vc_row css_animation=\u00bb\u00bb row_type=\u00bbrow\u00bb use_row_as_full_screen_section=\u00bbno\u00bb type=\u00bbgrid\u00bb angled_section=\u00bbno\u00bb text_align=\u00bbleft\u00bb background_image_as_pattern=\u00bbwithout_pattern\u00bb css=\u00bb.vc_custom_1518098847505{padding-top: 63px !important;padding-bottom: 40px !important;background-image: url(http:\/\/bridge154.qodeinteractive.com\/wp-content\/uploads\/2018\/02\/contact-background-img.jpg?id=226) !important;background-position: center !important;background-repeat: no-repeat !important;background-size: cover !important;}\u00bb z_index=\u00bb\u00bb][vc_column offset=\u00bbvc_col-md-5&#8243;][qode_elements_holder number_of_columns=\u00bbtwo_columns\u00bb columns_proportion=\u00bb33_66&#8243;][qode_elements_holder_item item_padding=\u00bb60px 30% 0px 0px\u00bb advanced_animations=\u00bbno\u00bb item_padding_1280_1440=\u00bb40px 30% 0px 0px\u00bb item_padding_1024_1280=\u00bb40px 3% 60px 0px\u00bb item_padding_768_1024=\u00bb65px 0% 0px 0px\u00bb item_padding_600_768=\u00bb130px 22% 0px 0px \u00bb item_padding_480_600=\u00bb0px\u00bb item_padding_480=\u00bb0px\u00bb][vc_column_text]<\/p>\n<h3>Cont\u00e1ctanos<\/h3>\n<p>[\/vc_column_text][vc_column_text]<\/p>\n<h1>Nuestra Oficina<\/h1>\n<p>[\/vc_column_text][vc_empty_space height=\u00bb42px\u00bb][vc_column_text]Env\u00edanos un correo con tus dudas o consultas a trav\u00e9s de nuestro formulario de contacto, en el menor tiempo posible responderemos personalmente[\/vc_column_text][vc_empty_space height=\u00bb31px\u00bb][vc_column_text]Tambi\u00e9n te atenderemos personalmente por tel\u00e9fono, o puedes acercarte a nuestras oficinas[\/vc_column_text][\/qode_elements_holder_item][\/qode_elements_holder][qode_elements_holder number_of_columns=\u00bbtwo_columns\u00bb columns_proportion=\u00bb33_66&#8243;][qode_elements_holder_item item_padding=\u00bb0px 0% 60px 0px\u00bb advanced_animations=\u00bbno\u00bb item_padding_1280_1440=\u00bb40px 8% 60px 0px\u00bb item_padding_1024_1280=\u00bb40px 3% 60px 0px\u00bb item_padding_768_1024=\u00bb0px 0% 90px 0px\u00bb item_padding_600_768=\u00bb0px 0% 20px 0px\u00bb item_padding_480_600=\u00bb0px\u00bb item_padding_480=\u00bb0px\u00bb][vc_row_inner row_type=\u00bbrow\u00bb type=\u00bbfull_width\u00bb text_align=\u00bbleft\u00bb css_animation=\u00bb\u00bb css=\u00bb.vc_custom_1517934525104{padding-top: 38px !important;}\u00bb][vc_column_inner width=\u00bb1\/2&#8243; offset=\u00bbvc_col-lg-6 vc_col-md-12&#8243;][vc_column_text]<\/p>\n<h2>Pola de Siero<\/h2>\n<p>[\/vc_column_text][vc_empty_space height=\u00bb15px\u00bb]<div class='q_icon_with_title tiny normal_icon left_from_title '><div class=\"icon_text_holder\" style=\"\"><div class=\"icon_text_inner\" style=\"\"><div class=\"icon_title_holder\"><div class=\"icon_holder \" style=\" \"><span data-icon-type=\"normal\"   style=\"font-size: 17px;\" class=\"qode_iwt_icon_holder q_font_awsome_icon fa-lg  \"><i class=\"qode_icon_font_awesome fa fa-phone qode_iwt_icon_element\" style=\"\" ><\/i><\/span><\/div><h5 class=\"icon_title\" style=\"\">985 72 25 93<\/h5><\/div><p style=''><\/p><\/div><\/div><\/div><div class='q_icon_with_title tiny normal_icon left_from_title '><div class=\"icon_text_holder\" style=\"\"><div class=\"icon_text_inner\" style=\"\"><div class=\"icon_title_holder\"><div class=\"icon_holder \" style=\" \"><span data-icon-type=\"normal\"   style=\"font-size: 17px;\" class=\"qode_iwt_icon_holder q_font_awsome_icon fa-lg  \"><i class=\"qode_icon_font_awesome fa fa-envelope-o qode_iwt_icon_element\" style=\"\" ><\/i><\/span><\/div><h5 class=\"icon_title\" style=\"\">conscosio@conscosio.com<\/h5><\/div><p style=''><\/p><\/div><\/div><\/div><div class='q_icon_with_title tiny normal_icon left_from_title '><div class=\"icon_text_holder\" style=\"\"><div class=\"icon_text_inner\" style=\"\"><div class=\"icon_title_holder\"><div class=\"icon_holder \" style=\" \"><span data-icon-type=\"normal\"   style=\"font-size: 17px;\" class=\"qode_iwt_icon_holder q_font_awsome_icon fa-lg  \"><i class=\"qode_icon_font_awesome fa fa-id-card-o qode_iwt_icon_element\" style=\"\" ><\/i><\/span><\/div><h5 class=\"icon_title\" style=\"\">Calle Marquesa de Canillejas, 25<\/h5><\/div><p style=''><\/p><\/div><\/div><\/div>[\/vc_column_inner][\/vc_row_inner][\/qode_elements_holder_item][\/qode_elements_holder][\/vc_column][vc_column offset=\u00bbvc_col-md-7&#8243;][qode_elements_holder number_of_columns=\u00bbtwo_columns\u00bb columns_proportion=\u00bb33_66&#8243;][qode_elements_holder_item item_padding=\u00bb9% 0px 60px 11%\u00bb advanced_animations=\u00bbno\u00bb item_padding_1280_1440=\u00bb70px 9% 60px 5%\u00bb item_padding_1024_1280=\u00bb70px 0% 60px 8%\u00bb item_padding_600_768=\u00bb0px 0px 180px\u00bb item_padding_480_600=\u00bb0px\u00bb item_padding_480=\u00bb20px 0px 100px\u00bb]\n<div class=\"wpcf7 no-js\" id=\"wpcf7-f181-o1\" lang=\"en-US\" dir=\"ltr\">\n<div class=\"screen-reader-response\"><p role=\"status\" aria-live=\"polite\" aria-atomic=\"true\"><\/p> <ul><\/ul><\/div>\n<form action=\"\/index.php?rest_route=%2Fwp%2Fv2%2Fpages%2F180#wpcf7-f181-o1\" method=\"post\" class=\"wpcf7-form init cf7_custom_style_1\" aria-label=\"Contact form\" enctype=\"multipart\/form-data\" novalidate=\"novalidate\" data-status=\"init\">\n<div style=\"display: none;\">\n<input type=\"hidden\" name=\"_wpcf7\" value=\"181\" \/>\n<input type=\"hidden\" name=\"_wpcf7_version\" value=\"5.8.1\" \/>\n<input type=\"hidden\" name=\"_wpcf7_locale\" value=\"en_US\" \/>\n<input type=\"hidden\" name=\"_wpcf7_unit_tag\" value=\"wpcf7-f181-o1\" \/>\n<input type=\"hidden\" name=\"_wpcf7_container_post\" value=\"0\" \/>\n<input type=\"hidden\" name=\"_wpcf7_posted_data_hash\" value=\"\" \/>\n<input type=\"hidden\" name=\"_wpcf7_recaptcha_response\" value=\"\" \/>\n<\/div>\n<h2>CONSULTE SUS DUDAS O SOLICITE PRESUPUESTO\n\t<H2><br \/>\n\t\t<div>\n\t\t\t<p><span class=\"wpcf7-form-control-wrap\" data-name=\"your-name\"><input size=\"40\" class=\"wpcf7-form-control wpcf7-text wpcf7-validates-as-required\" aria-required=\"true\" aria-invalid=\"false\" placeholder=\"Nombre*\" value=\"\" type=\"text\" name=\"your-name\" \/><\/span>\n\t\t\t<\/p>\n\t\t<\/div><br \/>\n\t\t<div>\n\t\t\t<p><span class=\"wpcf7-form-control-wrap\" data-name=\"your-email\"><input size=\"40\" class=\"wpcf7-form-control wpcf7-text wpcf7-validates-as-required\" aria-required=\"true\" aria-invalid=\"false\" placeholder=\"Email*\" value=\"\" type=\"text\" name=\"your-email\" \/><\/span>\n\t\t\t<\/p>\n\t\t<\/div><br \/>\n\t\t<div>\n\t\t\t<p><span class=\"wpcf7-form-control-wrap\" data-name=\"your-phone\"><input size=\"40\" class=\"wpcf7-form-control wpcf7-text wpcf7-validates-as-required\" aria-required=\"true\" aria-invalid=\"false\" placeholder=\"Tel\u00e9fono*\" value=\"\" type=\"text\" name=\"your-phone\" \/><\/span>\n\t\t\t<\/p>\n\t\t<\/div><br \/>\n\t\t<div>\n\t\t\t<p>Escoja tipo de consulta <span class=\"wpcf7-form-control-wrap\" data-name=\"Escojatipodeconsulta\"><select class=\"wpcf7-form-control wpcf7-select wpcf7-validates-as-required\" aria-required=\"true\" aria-invalid=\"false\" name=\"Escojatipodeconsulta\"><option value=\"Consulta general\">Consulta general<\/option><option value=\"Solicitud de presupuesto\">Solicitud de presupuesto<\/option><\/select><\/span>\n\t\t\t<\/p>\n\t\t<\/div><br \/>\n\t\t<div>\n\t\t\t<p>Solicitud <span class=\"wpcf7-form-control-wrap\" data-name=\"textarea-935\"><textarea cols=\"40\" rows=\"10\" class=\"wpcf7-form-control wpcf7-textarea\" aria-invalid=\"false\" placeholder=\"Escriba su mensaje aqu\u00ed por favor*\" name=\"textarea-935\"><\/textarea><\/span>\n\t\t\t<\/p>\n\t\t<\/div><br \/>\n\t\t<div>\n\t\t\t<p>Suba aqu\u00ed sus planos o fotos si es necesario para su consulta<br \/>\n1) <span class=\"wpcf7-form-control-wrap\" data-name=\"file-669\"><input size=\"40\" class=\"wpcf7-form-control wpcf7-file\" accept=\".gif,.png,.jpg,.jpeg,.pdf\" aria-invalid=\"false\" type=\"file\" name=\"file-669\" \/><\/span><br \/>\n2) <span class=\"wpcf7-form-control-wrap\" data-name=\"file-670\"><input size=\"40\" class=\"wpcf7-form-control wpcf7-file\" accept=\".gif,.png,.jpg,.jpeg,.pdf\" aria-invalid=\"false\" type=\"file\" name=\"file-670\" \/><\/span><br \/>\n3) <span class=\"wpcf7-form-control-wrap\" data-name=\"file-671\"><input size=\"40\" class=\"wpcf7-form-control wpcf7-file\" accept=\".gif,.png,.jpg,.jpeg,.pdf\" aria-invalid=\"false\" type=\"file\" name=\"file-671\" \/><\/span><br \/>\n4) <span class=\"wpcf7-form-control-wrap\" data-name=\"file-672\"><input size=\"40\" class=\"wpcf7-form-control wpcf7-file\" accept=\".gif,.png,.jpg,.jpeg,.pdf\" aria-invalid=\"false\" type=\"file\" name=\"file-672\" \/><\/span>\n\t\t\t<\/p>\n\t\t<\/div><br \/>\n<br \/>\n<label><span class=\"wpcf7-form-control-wrap\" data-name=\"checkbox-440\"><span class=\"wpcf7-form-control wpcf7-checkbox\"><span class=\"wpcf7-list-item first last\"><label><input type=\"checkbox\" name=\"checkbox-440[]\" value=\"Solicito que mis datos no se utilicen para el env\u00edo de ofertas o promociones.\" \/><span class=\"wpcf7-list-item-label\">Solicito que mis datos no se utilicen para el env\u00edo de ofertas o promociones.<\/span><\/label><\/span><\/span><\/span><\/label><br \/>\n<label><span class=\"wpcf7-form-control-wrap\" data-name=\"acceptance-622\"><span class=\"wpcf7-form-control wpcf7-acceptance\"><span class=\"wpcf7-list-item\"><input type=\"checkbox\" name=\"acceptance-622\" value=\"1\" aria-invalid=\"false\" \/><\/span><\/span><\/span> He le\u00eddo y acepto las condiciones de la <b>LOPD<\/b> <\/label><br \/>\n\t<br \/>\n\t\t<div>\n\t\t\t<p><input class=\"wpcf7-form-control wpcf7-submit has-spinner\" type=\"submit\" value=\"Enviar\" \/>\n\t\t\t<\/p>\n\t\t<\/div>\n\t<\/h2>\n<\/h2><p style=\"display: none !important;\" class=\"akismet-fields-container\" data-prefix=\"_wpcf7_ak_\"><label>&#916;<textarea name=\"_wpcf7_ak_hp_textarea\" cols=\"45\" rows=\"8\" maxlength=\"100\"><\/textarea><\/label><input type=\"hidden\" id=\"ak_js_1\" name=\"_wpcf7_ak_js\" value=\"165\"\/><script>document.getElementById( \"ak_js_1\" ).setAttribute( \"value\", ( new Date() ).getTime() );<\/script><\/p><div class=\"wpcf7-response-output\" aria-hidden=\"true\"><\/div>\n<\/form>\n<\/div>\n[vc_column_text]<span style=\"font-size: small;\">Informaci\u00f3n de Protecci\u00f3n de Datos:<br \/>\n\u00abA los efectos previstos en la Ley Org\u00e1nica 15\/1999, de 13 de diciembre, sobre Protecci\u00f3n de Datos de Car\u00e1cter Personal, se le informa que los datos personales que nos facilita a trav\u00e9s de este formulario se incorporar\u00e1n a un fichero de la entidad CONSTRUCCIONES COSIO SL, con la finalidad de dar respuesta a sus preguntas y sugerencias as\u00ed como de mantenerle informado por cualquier medio (incluido el correo electr\u00f3nico o sistema electr\u00f3nico equivalente) de todas aquellas actividades, productos y servicios de nuestra entidad que estimamos pueden ser de su inter\u00e9s salvo que marque la casilla habilitada a tal efecto. Ud. tiene derecho al acceso, rectificaci\u00f3n, cancelaci\u00f3n y oposici\u00f3n en los t\u00e9rminos previstos en la Ley, que podr\u00e1 ejercitar por escrito dirigido a: CONSTRUCCIONES COSIO\u00a0 SL, responsable del fichero, con domicilio en MARQUESA DE CANILLEJAS, 25 (POLA DE SIERO) 33510, SIERO, ASTURIAS<br \/>\n<\/span>[\/vc_column_text][\/qode_elements_holder_item][\/qode_elements_holder][\/vc_column][\/vc_row][vc_row css_animation=\u00bb\u00bb row_type=\u00bbrow\u00bb use_row_as_full_screen_section=\u00bbno\u00bb type=\u00bbfull_width\u00bb angled_section=\u00bbno\u00bb text_align=\u00bbleft\u00bb background_image_as_pattern=\u00bbwithout_pattern\u00bb z_index=\u00bb\u00bb][vc_column][qode_elements_holder number_of_columns=\u00bbone_column\u00bb][qode_elements_holder_item item_padding=\u00bb47px 0px 60px\u00bb advanced_animations=\u00bbno\u00bb item_padding_1280_1440=\u00bb0px\u00bb item_padding_768_1024=\u00bb0px 0px 60px\u00bb item_padding_600_768=\u00bb0px 0px 60px\u00bb item_padding_480_600=\u00bb0px 0px 60px\u00bb item_padding_480=\u00bb0px 0px 60px\u00bb][vc_gmaps link=\u00bb#E-8_JTNDaWZyYW1lJTIwc3JjJTNEJTIyaHR0cHMlM0ElMkYlMkZ3d3cuZ29vZ2xlLmNvbSUyRm1hcHMlMkZlbWJlZCUzRnBiJTNEJTIxMW0xNCUyMTFtOCUyMTFtMyUyMTFkMTE1OTcuMTUyOTU1NzMzMzEyJTIxMmQtNS42NjIwMjMlMjEzZDQzLjM5MTkwNDUlMjEzbTIlMjExaTEwMjQlMjEyaTc2OCUyMTRmMTMuMSUyMTNtMyUyMTFtMiUyMTFzMHgwJTI1M0EweDY0Y2UyNWI1NDFjZWQ0OTMlMjEyc09icmFzJTJCWSUyQlByb3llY3RvcyUyQkNvc2lvJTJCU0wlMjE1ZTAlMjEzbTIlMjExc2VzJTIxMnNlcyUyMTR2MTUyOTQyNjkwMTc1NCUyMiUyMHdpZHRoJTNEJTIyNjAwJTIyJTIwaGVpZ2h0JTNEJTIyNDUwJTIyJTIwZnJhbWVib3JkZXIlM0QlMjIwJTIyJTIwc3R5bGUlM0QlMjJib3JkZXIlM0EwJTIyJTIwYWxsb3dmdWxsc2NyZWVuJTNFJTNDJTJGaWZyYW1lJTNF\u00bb][\/qode_elements_holder_item][\/qode_elements_holder][\/vc_column][\/vc_row]<\/p>\n","protected":false},"excerpt":{"rendered":"<p>[vc_row css_animation=\u00bb\u00bb row_type=\u00bbrow\u00bb use_row_as_full_screen_section=\u00bbno\u00bb type=\u00bbgrid\u00bb angled_section=\u00bbno\u00bb text_align=\u00bbleft\u00bb background_image_as_pattern=\u00bbwithout_pattern\u00bb css=\u00bb.vc_custom_1518098847505{padding-top: 63px !important;padding-bottom: 40px !important;background-image: url(http:\/\/bridge154.qodeinteractive.com\/wp-content\/uploads\/2018\/02\/contact-background-img.jpg?id=226) !important;background-position: center !important;background-repeat: no-repeat !important;background-size: cover !important;}\u00bb z_index=\u00bb\u00bb][vc_column offset=\u00bbvc_col-md-5&#8243;][qode_elements_holder number_of_columns=\u00bbtwo_columns\u00bb columns_proportion=\u00bb33_66&#8243;][qode_elements_holder_item item_padding=\u00bb60px 30% 0px 0px\u00bb advanced_animations=\u00bbno\u00bb item_padding_1280_1440=\u00bb40px 30% 0px 0px\u00bb item_padding_1024_1280=\u00bb40px 3% 60px 0px\u00bb item_padding_768_1024=\u00bb65px 0% 0px 0px\u00bb item_padding_600_768=\u00bb130px 22% 0px&#8230;<\/p>\n","protected":false},"author":1,"featured_media":0,"parent":0,"menu_order":0,"comment_status":"closed","ping_status":"open","template":"full_width.php","meta":{"footnotes":""},"_links":{"self":[{"href":"https:\/\/www.conscosio.com\/index.php?rest_route=\/wp\/v2\/pages\/180"}],"collection":[{"href":"https:\/\/www.conscosio.com\/index.php?rest_route=\/wp\/v2\/pages"}],"about":[{"href":"https:\/\/www.conscosio.com\/index.php?rest_route=\/wp\/v2\/types\/page"}],"author":[{"embeddable":true,"href":"https:\/\/www.conscosio.com\/index.php?rest_route=\/wp\/v2\/users\/1"}],"replies":[{"embeddable":true,"href":"https:\/\/www.conscosio.com\/index.php?rest_route=%2Fwp%2Fv2%2Fcomments&post=180"}],"version-history":[{"count":9,"href":"https:\/\/www.conscosio.com\/index.php?rest_route=\/wp\/v2\/pages\/180\/revisions"}],"predecessor-version":[{"id":582,"href":"https:\/\/www.conscosio.com\/index.php?rest_route=\/wp\/v2\/pages\/180\/revisions\/582"}],"wp:attachment":[{"href":"https:\/\/www.conscosio.com\/index.php?rest_route=%2Fwp%2Fv2%2Fmedia&parent=180"}],"curies":[{"name":"wp","href":"https:\/\/api.w.org\/{rel}","templated":true}]}}