{"id":316,"date":"2018-02-01T15:01:05","date_gmt":"2018-02-01T15:01:05","guid":{"rendered":"http:\/\/bridge154.qodeinteractive.com\/?page_id=2"},"modified":"2018-10-19T10:46:00","modified_gmt":"2018-10-19T10:46:00","slug":"home-2-2","status":"publish","type":"page","link":"https:\/\/www.conscosio.com\/","title":{"rendered":"Construcciones Cosio"},"content":{"rendered":"<p>[vc_row css_animation=\u00bb\u00bb row_type=\u00bbrow\u00bb use_row_as_full_screen_section=\u00bbno\u00bb type=\u00bbfull_width\u00bb angled_section=\u00bbno\u00bb text_align=\u00bbleft\u00bb background_image_as_pattern=\u00bbwithout_pattern\u00bb css=\u00bb.vc_custom_1517837024380{padding-bottom: 60px !important;}\u00bb z_index=\u00bb\u00bb][vc_column][rev_slider_vc alias=\u00bbhome\u00bb][\/vc_column][\/vc_row][vc_row css_animation=\u00bb\u00bb row_type=\u00bbrow\u00bb use_row_as_full_screen_section=\u00bbno\u00bb type=\u00bbgrid\u00bb angled_section=\u00bbno\u00bb text_align=\u00bbleft\u00bb background_image_as_pattern=\u00bbwithout_pattern\u00bb css=\u00bb.vc_custom_1517917187124{padding-top: 55px !important;padding-bottom: 55px !important;background-image: url(https:\/\/www.conscosio.com\/wp-content\/uploads\/2018\/02\/home-background-img-1.jpg?id=119) !important;background-position: center !important;background-repeat: no-repeat !important;background-size: cover !important;}\u00bb z_index=\u00bb\u00bb][vc_column offset=\u00bbvc_col-md-8&#8243;][qode_elements_holder number_of_columns=\u00bbone_column\u00bb][qode_elements_holder_item item_padding=\u00bb0px 0px 60px\u00bb advanced_animations=\u00bbno\u00bb item_padding_600_768=\u00bb0px\u00bb][vc_single_image image=\u00bb371&#8243; img_size=\u00bbfull\u00bb qode_css_animation=\u00bb\u00bb][vc_empty_space height=\u00bb22px\u00bb][vc_column_text css=\u00bb.vc_custom_1529444881909{padding-left: 30px !important;}\u00bb]Confia en nosotros y estamos seguros de poder<br \/>\ngarantizarte un 100% de satisfacci\u00f3n con el resultado final.<br \/>\n[\/vc_column_text][\/qode_elements_holder_item][\/qode_elements_holder][\/vc_column][vc_column offset=\u00bbvc_col-md-4&#8243;][qode_elements_holder number_of_columns=\u00bbone_column\u00bb][qode_elements_holder_item item_padding=\u00bb83px 24% 60px 0px\u00bb advanced_animations=\u00bbno\u00bb item_padding_768_1024=\u00bb83px 0% 60px 0px\u00bb item_padding_600_768=\u00bb40px 25% 90px 0px\u00bb item_padding_480_600=\u00bb0px 0% 60px 0%\u00bb item_padding_480=\u00bb0px 0% 60px 0%\u00bb][vc_column_text]<\/p>\n<h3>Viviendas<\/h3>\n<p>[\/vc_column_text][vc_column_text]<\/p>\n<h1>Unifamiliares<\/h1>\n<p>[\/vc_column_text][vc_empty_space height=\u00bb42px\u00bb][vc_column_text]\u00bfNecesitas una empresa capaz de gestionar la construcci\u00f3n de tu vivienda unifamiliar en Asturias? Gestionamos de forma eficiente todas las fases de construcci\u00f3n de tu chalet hasta la entrega de llaves[\/vc_column_text][vc_empty_space height=\u00bb31px\u00bb]<a  itemprop=\"url\" href=\"https:\/\/www.conscosio.com\/construccion\/\" target=\"_self\"  class=\"qbutton  default\" style=\"\">Ver m\u00e1s<\/a>[\/qode_elements_holder_item][\/qode_elements_holder][\/vc_column][\/vc_row][vc_row css_animation=\u00bb\u00bb row_type=\u00bbrow\u00bb use_row_as_full_screen_section=\u00bbno\u00bb type=\u00bbgrid\u00bb angled_section=\u00bbno\u00bb text_align=\u00bbleft\u00bb background_image_as_pattern=\u00bbwithout_pattern\u00bb css=\u00bb.vc_custom_1517917193963{padding-top: 55px !important;padding-bottom: 55px !important;background-image: url(https:\/\/www.conscosio.com\/wp-content\/uploads\/2018\/02\/home-background-img-2.jpg?id=117) !important;background-position: center !important;background-repeat: no-repeat !important;background-size: cover !important;}\u00bb z_index=\u00bb\u00bb][vc_column offset=\u00bbvc_col-md-4&#8243;][qode_elements_holder number_of_columns=\u00bbone_column\u00bb][qode_elements_holder_item item_padding=\u00bb83px 24% 60px 0px\u00bb advanced_animations=\u00bbno\u00bb item_padding_768_1024=\u00bb83px 0% 60px 0px\u00bb item_padding_600_768=\u00bb140px 25% 60px 0px\u00bb item_padding_480_600=\u00bb0px 0% 60px 0%\u00bb item_padding_480=\u00bb90px 0% 60px 0%\u00bb][vc_column_text]<\/p>\n<h3>Proyectos de<\/h3>\n<p>[\/vc_column_text][vc_column_text]<\/p>\n<h1>Reforma<\/h1>\n<p>[\/vc_column_text][vc_empty_space height=\u00bb42px\u00bb][vc_column_text]Los mejores profesionales te ayudar\u00e1n a finalizar con \u00e9xito tu proyecto de rehabilitaci\u00f3n integral de edificios.[\/vc_column_text][vc_empty_space height=\u00bb31px\u00bb]<a  itemprop=\"url\" href=\"https:\/\/www.conscosio.com\/proyectos\/\" target=\"_self\"  class=\"qbutton  default\" style=\"\">Ver m\u00e1s<\/a>[\/qode_elements_holder_item][\/qode_elements_holder][\/vc_column][vc_column offset=\u00bbvc_col-md-8&#8243;][qode_elements_holder number_of_columns=\u00bbone_column\u00bb][qode_elements_holder_item item_padding=\u00bb0px 0px 60px\u00bb advanced_animations=\u00bbno\u00bb item_padding_600_768=\u00bb0px 0px 90px\u00bb][vc_single_image image=\u00bb373&#8243; img_size=\u00bbfull\u00bb alignment=\u00bbright\u00bb qode_css_animation=\u00bb\u00bb][vc_empty_space height=\u00bb22px\u00bb][vc_column_text css=\u00bb.vc_custom_1529446284820{padding-left: 30px !important;}\u00bb]Somos especialistas en<br \/>\n<strong>rehabilitaci\u00f3n energ\u00e9tica<\/strong>.[\/vc_column_text][\/qode_elements_holder_item][\/qode_elements_holder][\/vc_column][\/vc_row][vc_row css_animation=\u00bb\u00bb row_type=\u00bbrow\u00bb use_row_as_full_screen_section=\u00bbno\u00bb type=\u00bbgrid\u00bb angled_section=\u00bbno\u00bb text_align=\u00bbleft\u00bb background_image_as_pattern=\u00bbwithout_pattern\u00bb z_index=\u00bb\u00bb css=\u00bb.vc_custom_1518101720587{padding-top: 55px !important;}\u00bb][vc_column width=\u00bb5\/6&#8243; offset=\u00bbvc_col-lg-offset-2 vc_col-md-offset-2&#8243;][qode_content_slider direction_nav=\u00bbyes\u00bb control_nav=\u00bbno\u00bb control_nav_justify=\u00bbyes\u00bb pause_on_hover=\u00bbyes\u00bb][qode_content_slider_item][vc_row_inner row_type=\u00bbrow\u00bb type=\u00bbfull_width\u00bb text_align=\u00bbleft\u00bb css_animation=\u00bb\u00bb][vc_column_inner width=\u00bb1\/4&#8243;][vc_single_image image=\u00bb376&#8243; img_size=\u00bbfull\u00bb onclick=\u00bbcustom_link\u00bb qode_css_animation=\u00bb\u00bb link=\u00bbhttps:\/\/www.certificadosenergeticos.com\/sirve-certificado-energetico\u00bb][vc_empty_space height=\u00bb33px\u00bb][vc_column_text]<\/p>\n<h3><a href=\"https:\/\/www.certificadosenergeticos.com\/sirve-certificado-energetico\">Calificaci\u00f3n Energ\u00e9tica<\/a><\/h3>\n<p>[\/vc_column_text][vc_empty_space height=\u00bb7px\u00bb][vc_column_text]Conjugando un dise\u00f1o eficiente con un aislamiento \u00f3ptimo y una ventilaci\u00f3n controlada hemos conseguido un consumo anual de energ\u00eda de solo 4036,4 kwh\/a\u00f1o.<br \/>\n[\/vc_column_text][\/vc_column_inner][vc_column_inner width=\u00bb1\/4&#8243;][vc_single_image image=\u00bb378&#8243; img_size=\u00bbfull\u00bb onclick=\u00bbcustom_link\u00bb qode_css_animation=\u00bb\u00bb link=\u00bbhttp:\/\/www.caparol.es\/productos\/sistemas-de-aislamiento-termico\/sistemas-capatect.html\u00bb][vc_empty_space height=\u00bb33px\u00bb][vc_column_text]<\/p>\n<h3><a href=\"http:\/\/www.caparol.es\/productos\/sistemas-de-aislamiento-termico\/sistemas-capatect.html\">Sistemas \u00abCapatec\u00bb<\/a><\/h3>\n<p>[\/vc_column_text][vc_empty_space height=\u00bb7px\u00bb][vc_column_text]La implicaci\u00f3n y el grado de formaci\u00f3n adquirida por varios sectores de la empresa, la reconoce como<br \/>\nPARTNER HOMOLOGADO de CAPAROL ESPA\u00d1A.[\/vc_column_text][\/vc_column_inner][vc_column_inner width=\u00bb1\/4&#8243;][vc_single_image image=\u00bb381&#8243; img_size=\u00bbfull\u00bb onclick=\u00bbcustom_link\u00bb qode_css_animation=\u00bb\u00bb link=\u00bbhttp:\/\/www.airblock.com.ar\/\u00bb][vc_empty_space height=\u00bb33px\u00bb][vc_column_text]<\/p>\n<h3><a href=\"http:\/\/www.airblock.com.ar\/\">Bloques Arliblock<\/a><\/h3>\n<p>[\/vc_column_text][vc_empty_space height=\u00bb7px\u00bb][vc_column_text]Acreditados y Certificados como Instaladores oficiales de Bloques Arliblock, de acuerdo con los requisitos\u00a0 de calidad que marca OPTIROC.[\/vc_column_text][\/vc_column_inner][vc_column_inner width=\u00bb1\/4&#8243;][vc_single_image image=\u00bb384&#8243; img_size=\u00bbfull\u00bb onclick=\u00bbcustom_link\u00bb qode_css_animation=\u00bb\u00bb link=\u00bbhttp:\/\/www.sto.es\/95849_ES.HTM\u00bb][vc_empty_space height=\u00bb33px\u00bb][vc_column_text]<\/p>\n<h3><a href=\"http:\/\/www.sto.es\/95849_ES.HTM\">STOTHERM CLASSIC<\/a><\/h3>\n<p>[\/vc_column_text][vc_empty_space height=\u00bb7px\u00bb][vc_column_text]Certificado de formaci\u00f3n te\u00f3rica y pr\u00e1ctica para la instalaci\u00f3n<br \/>\nde sistemas de aislamiento exterior STO THERM CLASSIC[\/vc_column_text][\/vc_column_inner][\/vc_row_inner][\/qode_content_slider_item][\/qode_content_slider][\/vc_column][\/vc_row][vc_row css_animation=\u00bb\u00bb row_type=\u00bbrow\u00bb use_row_as_full_screen_section=\u00bbno\u00bb type=\u00bbfull_width\u00bb angled_section=\u00bbno\u00bb text_align=\u00bbleft\u00bb background_image_as_pattern=\u00bbwithout_pattern\u00bb css=\u00bb.vc_custom_1518101692123{padding-top: 170px !important;padding-bottom: 180px !important;}\u00bb z_index=\u00bb\u00bb][vc_column][qode_elements_holder number_of_columns=\u00bbthree_columns\u00bb][qode_elements_holder_item background_color=\u00bb#c9c9c9&#8243; item_padding=\u00bb0px 40% 0px 12%\u00bb advanced_animations=\u00bbno\u00bb item_padding_1280_1440=\u00bb0px 40% 0px 0%\u00bb item_padding_1024_1280=\u00bb0px 40% 0px 0%\u00bb item_padding_768_1024=\u00bb0px 30% 0px 0%\u00bb item_padding_600_768=\u00bb20px 52% 100px 12%\u00bb item_padding_480_600=\u00bb40px 21% 100px 12%\u00bb item_padding_480=\u00bb40px 21% 100px 12%\u00bb][vc_column_text]<\/p>\n<h3>Descubre<\/h3>\n<p>[\/vc_column_text][vc_column_text]<\/p>\n<h1><a href=\"https:\/\/www.conscosio.com\/portafolio\/\">Nuestros trabajos<\/a><\/h1>\n<p>[\/vc_column_text][vc_empty_space height=\u00bb42px\u00bb][vc_column_text]<a href=\"https:\/\/www.conscosio.com\/portafolio\/\">Aqu\u00ed puedes ver algunos de nuestros trabajos y proyectos m\u00e1s recientes<\/a>[\/vc_column_text][\/qode_elements_holder_item][qode_elements_holder_item background_image=\u00bb388&#8243; item_padding=\u00bb240px 0px\u00bb advanced_animations=\u00bbno\u00bb][\/qode_elements_holder_item][qode_elements_holder_item background_image=\u00bb389&#8243; item_padding=\u00bb240px 0px\u00bb advanced_animations=\u00bbno\u00bb][\/qode_elements_holder_item][\/qode_elements_holder][qode_elements_holder number_of_columns=\u00bbthree_columns\u00bb][qode_elements_holder_item background_image=\u00bb391&#8243; item_padding=\u00bb240px 0px\u00bb advanced_animations=\u00bbno\u00bb][\/qode_elements_holder_item][qode_elements_holder_item background_image=\u00bb392&#8243; item_padding=\u00bb240px 0px\u00bb advanced_animations=\u00bbno\u00bb][\/qode_elements_holder_item][qode_elements_holder_item background_color=\u00bb#dd3333&#8243; item_padding=\u00bb0px 40% 0px 12%\u00bb advanced_animations=\u00bbno\u00bb item_padding_1280_1440=\u00bb0px 24% 0px 12%\u00bb item_padding_1024_1280=\u00bb0px 21% 0px 12%\u00bb item_padding_768_1024=\u00bb0px 21% 0px 12%\u00bb item_padding_600_768=\u00bb100px 52% 100px 12%\u00bb item_padding_480_600=\u00bb100px 18% 100px 12%\u00bb item_padding_480=\u00bb100px 18% 100px 12%\u00bb][vc_column_text]<\/p>\n<h3><span style=\"color: #ffffff;\">\u00bfte gusta lo que ves?<\/span><\/h3>\n<p>[\/vc_column_text][vc_empty_space height=\u00bb15px\u00bb][vc_column_text]<span style=\"color: #ffffff;\">Entra a ver el resto de nuestro portafolio<\/span>[\/vc_column_text][vc_empty_space height=\u00bb60px\u00bb][vc_single_image image=\u00bb61&#8243; img_size=\u00bbfull\u00bb onclick=\u00bbcustom_link\u00bb qode_css_animation=\u00bb\u00bb link=\u00bbhttps:\/\/www.conscosio.com\/portafolio\/\u00bb][\/qode_elements_holder_item][\/qode_elements_holder][\/vc_column][\/vc_row]<\/p>\n","protected":false},"excerpt":{"rendered":"<p>[vc_row css_animation=\u00bb\u00bb row_type=\u00bbrow\u00bb use_row_as_full_screen_section=\u00bbno\u00bb type=\u00bbfull_width\u00bb angled_section=\u00bbno\u00bb text_align=\u00bbleft\u00bb background_image_as_pattern=\u00bbwithout_pattern\u00bb css=\u00bb.vc_custom_1517837024380{padding-bottom: 60px !important;}\u00bb z_index=\u00bb\u00bb][vc_column][rev_slider_vc alias=\u00bbhome\u00bb][\/vc_column][\/vc_row][vc_row css_animation=\u00bb\u00bb row_type=\u00bbrow\u00bb use_row_as_full_screen_section=\u00bbno\u00bb type=\u00bbgrid\u00bb angled_section=\u00bbno\u00bb text_align=\u00bbleft\u00bb background_image_as_pattern=\u00bbwithout_pattern\u00bb css=\u00bb.vc_custom_1517917187124{padding-top: 55px !important;padding-bottom: 55px !important;background-image: url(https:\/\/www.conscosio.com\/wp-content\/uploads\/2018\/02\/home-background-img-1.jpg?id=119) !important;background-position: center !important;background-repeat: no-repeat !important;background-size: cover !important;}\u00bb z_index=\u00bb\u00bb][vc_column offset=\u00bbvc_col-md-8&#8243;][qode_elements_holder number_of_columns=\u00bbone_column\u00bb][qode_elements_holder_item item_padding=\u00bb0px 0px 60px\u00bb advanced_animations=\u00bbno\u00bb item_padding_600_768=\u00bb0px\u00bb][vc_single_image image=\u00bb371&#8243; img_size=\u00bbfull\u00bb qode_css_animation=\u00bb\u00bb][vc_empty_space height=\u00bb22px\u00bb][vc_column_text&#8230;<\/p>\n","protected":false},"author":1,"featured_media":0,"parent":0,"menu_order":0,"comment_status":"closed","ping_status":"open","template":"full_width.php","meta":{"footnotes":""},"_links":{"self":[{"href":"https:\/\/www.conscosio.com\/index.php?rest_route=\/wp\/v2\/pages\/316"}],"collection":[{"href":"https:\/\/www.conscosio.com\/index.php?rest_route=\/wp\/v2\/pages"}],"about":[{"href":"https:\/\/www.conscosio.com\/index.php?rest_route=\/wp\/v2\/types\/page"}],"author":[{"embeddable":true,"href":"https:\/\/www.conscosio.com\/index.php?rest_route=\/wp\/v2\/users\/1"}],"replies":[{"embeddable":true,"href":"https:\/\/www.conscosio.com\/index.php?rest_route=%2Fwp%2Fv2%2Fcomments&post=316"}],"version-history":[{"count":30,"href":"https:\/\/www.conscosio.com\/index.php?rest_route=\/wp\/v2\/pages\/316\/revisions"}],"predecessor-version":[{"id":2685,"href":"https:\/\/www.conscosio.com\/index.php?rest_route=\/wp\/v2\/pages\/316\/revisions\/2685"}],"wp:attachment":[{"href":"https:\/\/www.conscosio.com\/index.php?rest_route=%2Fwp%2Fv2%2Fmedia&parent=316"}],"curies":[{"name":"wp","href":"https:\/\/api.w.org\/{rel}","templated":true}]}}